{"id":2,"date":"2016-02-26T10:03:33","date_gmt":"2016-02-26T09:03:33","guid":{"rendered":"http:\/\/www.txfitness.it\/?page_id=2"},"modified":"2016-04-11T16:00:23","modified_gmt":"2016-04-11T14:00:23","slug":"pagina-di-esempio","status":"publish","type":"page","link":"https:\/\/www.txfitness.it\/?page_id=2","title":{"rendered":"La societ\u00e0 sportiva"},"content":{"rendered":"<p>La <strong>TX Fitness<\/strong> \u00e8 una <strong>S<\/strong>ociet\u00e0 <strong>S<\/strong>portiva <strong>D<\/strong>ilettantistica <strong>A<\/strong> <strong>R<\/strong>esponsabilit\u00e0 <strong>L<\/strong>imitata (numero REA PG &#8211; 292999- COD FISCALE 03491430546) costituita il 5 febbraio 2016 (repertorio 21.203, raccolta 7838) presso il Notaio Margherita Palma in Perugia.\u00a0 La Tx Fitness S.S.D. ARL \u00e8 costituita da Stefano Donadio e Eros Lenticchi, la societ\u00e0 ha sede in Corciano.<\/p>\n<p>La societ\u00e0 non ha scopo di Lucro ed ha l&#8217;obbligo di conformarsi alle norme e alle direttive del CONI, nonch\u00e8 agli statuti e ai regolamenti delle Federazioni sportive nazionali (FIDAL). La societ\u00e0 ha per oggetto l&#8217;organizzazione, la pratica e la propaganda dell&#8217;attivit\u00e0 sportiva dilettantistica, ivi compresa l&#8217;attivit\u00e0 didattica a tal fine:<\/p>\n<ul>\n<li>promuove, diffonde e pratica ogni attivit\u00e0 sportiva, culturale, ricreativa, turistica del tempo libero<\/li>\n<li>organizza e rappresenta manifestazioni sportive<\/li>\n<li>istituisce centri estivi ed invernali con finalit\u00e0 sportive<\/li>\n<li>attua servizi e strutture per lo svolgimento delle attivit\u00e0 del tempo libero<\/li>\n<li>organizza e promuove convegni, congressi, tavole rotonde, fiere, meeting, viaggi, corsi.<\/li>\n<li>pubblica e diffonde riviste, opuscoli ecc<\/li>\n<li>svolge attivit\u00e0 di ricerca, documentazione e sperimentazione concernente lo sport<\/li>\n<li>aderisce in Italia e all&#8217;estero a qualsiasi attivit\u00e0 che sia giudicata idonea al raggiungimento degli scopi sociali<\/li>\n<\/ul>\n<p>A tal fine pu\u00f2:<\/p>\n<ul>\n<li>partecipare a gare, tornei, campionati<\/li>\n<li>indire manifestazioni e gare<\/li>\n<li>istituire corsi di formazione e addestramento<\/li>\n<li>gestire impianti sportivi<\/li>\n<li>collaborare con enti, societ\u00e0<\/li>\n<li>rilevare dati ed elaborare statistiche<\/li>\n<li>promuovere e pubblicizzare la propria attivit\u00e0 e la propria immagine<\/li>\n<\/ul>\n<p>I soci dichiarano che la societ\u00e0 sar\u00e0\u00a0 inizialmente amministrata da un Collegio di Amministrazione composto da due membri che durano in carica a tempo indeterminato, fino a revoca e dimissioni, in persona dei soci :<\/p>\n<p>-Lenticchi Eros- Presidente<\/p>\n<p>-Donadio Stefano- Vice Presidente<\/p>\n<p>Il capitale sociale \u00e8 di euro 10.000 (diecimila) ed \u00e8 diviso in quote ai sensi di legge. Per chi interessato possiamo dare lettura del testo integrale dell&#8217;atto notarile, costituzione e statuto.<\/p>\n","protected":false},"excerpt":{"rendered":"<p>La TX Fitness \u00e8 una Societ\u00e0 Sportiva Dilettantistica A Responsabilit\u00e0 Limitata (numero REA PG &#8211; 292999- COD FISCALE 03491430546) costituita il 5 febbraio 2016 (repertorio 21.203, raccolta 7838) presso il Notaio Margherita Palma in Perugia.\u00a0 La Tx Fitness S.S.D. ARL \u00e8 costituita da Stefano Donadio e Eros Lenticchi, la societ\u00e0 ha sede in Corciano. La [&hellip;]<\/p>\n","protected":false},"author":2,"featured_media":0,"parent":0,"menu_order":0,"comment_status":"closed","ping_status":"open","template":"","meta":{"site-sidebar-layout":"default","site-content-layout":"","ast-site-content-layout":"","site-content-style":"default","site-sidebar-style":"default","ast-global-header-display":"","ast-banner-title-visibility":"","ast-main-header-display":"","ast-hfb-above-header-display":"","ast-hfb-below-header-display":"","ast-hfb-mobile-header-display":"","site-post-title":"","ast-breadcrumbs-content":"","ast-featured-img":"","footer-sml-layout":"","theme-transparent-header-meta":"","adv-header-id-meta":"","stick-header-meta":"","header-above-stick-meta":"","header-main-stick-meta":"","header-below-stick-meta":"","astra-migrate-meta-layouts":"default","ast-page-background-enabled":"default","ast-page-background-meta":{"desktop":{"background-color":"var(--ast-global-color-4)","background-image":"","background-repeat":"repeat","background-position":"center center","background-size":"auto","background-attachment":"scroll","background-type":"","background-media":"","overlay-type":"","overlay-color":"","overlay-opacity":"","overlay-gradient":""},"tablet":{"background-color":"","background-image":"","background-repeat":"repeat","background-position":"center center","background-size":"auto","background-attachment":"scroll","background-type":"","background-media":"","overlay-type":"","overlay-color":"","overlay-opacity":"","overlay-gradient":""},"mobile":{"background-color":"","background-image":"","background-repeat":"repeat","background-position":"center center","background-size":"auto","background-attachment":"scroll","background-type":"","background-media":"","overlay-type":"","overlay-color":"","overlay-opacity":"","overlay-gradient":""}},"ast-content-background-meta":{"desktop":{"background-color":"var(--ast-global-color-5)","background-image":"","background-repeat":"repeat","background-position":"center center","background-size":"auto","background-attachment":"scroll","background-type":"","background-media":"","overlay-type":"","overlay-color":"","overlay-opacity":"","overlay-gradient":""},"tablet":{"background-color":"var(--ast-global-color-5)","background-image":"","background-repeat":"repeat","background-position":"center center","background-size":"auto","background-attachment":"scroll","background-type":"","background-media":"","overlay-type":"","overlay-color":"","overlay-opacity":"","overlay-gradient":""},"mobile":{"background-color":"var(--ast-global-color-5)","background-image":"","background-repeat":"repeat","background-position":"center center","background-size":"auto","background-attachment":"scroll","background-type":"","background-media":"","overlay-type":"","overlay-color":"","overlay-opacity":"","overlay-gradient":""}},"footnotes":""},"class_list":["post-2","page","type-page","status-publish","hentry"],"_links":{"self":[{"href":"https:\/\/www.txfitness.it\/index.php?rest_route=\/wp\/v2\/pages\/2","targetHints":{"allow":["GET"]}}],"collection":[{"href":"https:\/\/www.txfitness.it\/index.php?rest_route=\/wp\/v2\/pages"}],"about":[{"href":"https:\/\/www.txfitness.it\/index.php?rest_route=\/wp\/v2\/types\/page"}],"author":[{"embeddable":true,"href":"https:\/\/www.txfitness.it\/index.php?rest_route=\/wp\/v2\/users\/2"}],"replies":[{"embeddable":true,"href":"https:\/\/www.txfitness.it\/index.php?rest_route=%2Fwp%2Fv2%2Fcomments&post=2"}],"version-history":[{"count":4,"href":"https:\/\/www.txfitness.it\/index.php?rest_route=\/wp\/v2\/pages\/2\/revisions"}],"predecessor-version":[{"id":227,"href":"https:\/\/www.txfitness.it\/index.php?rest_route=\/wp\/v2\/pages\/2\/revisions\/227"}],"wp:attachment":[{"href":"https:\/\/www.txfitness.it\/index.php?rest_route=%2Fwp%2Fv2%2Fmedia&parent=2"}],"curies":[{"name":"wp","href":"https:\/\/api.w.org\/{rel}","templated":true}]}}